{"id":4863,"date":"2020-08-26T13:51:32","date_gmt":"2020-08-26T13:51:32","guid":{"rendered":"https:\/\/academy.ohie.org\/?page_id=4863"},"modified":"2025-02-11T19:09:52","modified_gmt":"2025-02-11T19:09:52","slug":"a-propos-de","status":"publish","type":"page","link":"https:\/\/academy.ohie.org\/?page_id=4863&lang=fr","title":{"rendered":"A propos de"},"content":{"rendered":"\n<figure class=\"wp-block-image size-large\"><img loading=\"lazy\" decoding=\"async\" width=\"1024\" height=\"682\" src=\"https:\/\/academy.ohie.org\/wp-content\/uploads\/2023\/02\/academycomputer-1024x682.png\" alt=\"\" class=\"wp-image-2998\" srcset=\"https:\/\/academy.ohie.org\/wp-content\/uploads\/2023\/02\/academycomputer-1024x682.png 1024w, https:\/\/academy.ohie.org\/wp-content\/uploads\/2023\/02\/academycomputer-300x200.png 300w, https:\/\/academy.ohie.org\/wp-content\/uploads\/2023\/02\/academycomputer-768x512.png 768w, https:\/\/academy.ohie.org\/wp-content\/uploads\/2023\/02\/academycomputer.png 1495w\" sizes=\"auto, (max-width: 1024px) 100vw, 1024px\" \/><\/figure>\n\n<p class=\"has-medium-font-size\"><br\/>Alors que les pays envisagent leurs approches de mise en \u0153uvre du partage des donn\u00e9es de sant\u00e9, nombre d&#8217;entre eux commencent \u00e0 r\u00e9fl\u00e9chir \u00e0 la mani\u00e8re de d\u00e9velopper les capacit\u00e9s en mati\u00e8re d&#8217;\u00e9change de donn\u00e9es et d&#8217;autres sujets li\u00e9s \u00e0 l&#8217;\u00e9change d&#8217;informations sur la sant\u00e9. La communaut\u00e9 de l&#8217;Acad\u00e9mie travaille ensemble pour cr\u00e9er et partager des biens mondiaux qui sont ax\u00e9s sur l&#8217;augmentation de la capacit\u00e9 \u00e0 construire et \u00e0 soutenir l&#8217;architecture et les processus d&#8217;\u00e9change d&#8217;informations sur la sant\u00e9. Cette communaut\u00e9 est ouverte \u00e0 tous ceux qui souhaitent relever les d\u00e9fis et atteindre les objectifs mentionn\u00e9s ci-dessous. <\/p>\n\n<p class=\"has-medium-font-size\"><br\/><strong>R\u00e9sultats souhait\u00e9s <\/strong><\/p>\n\n<ul class=\"has-medium-font-size wp-block-list\"><li>Am\u00e9liorer le d\u00e9veloppement des comp\u00e9tences techniques pour tous ceux qui s&#8217;engagent<\/li><li>De meilleurs cours pour l&#8217;Acad\u00e9mie de l&#8217;ann\u00e9e prochaine <\/li><li>Plate-forme \/ processus r\u00e9utilisable <\/li><li>Cr\u00e9er quelque chose qui puisse \u00eatre partag\u00e9 dans le monde entier par le biais des universit\u00e9s et des laboratoires.<\/li><\/ul>\n\n<p class=\"has-medium-font-size\"><br\/><strong>O\u00f9 puis-je faire part de mes commentaires ?<\/strong> <\/p>\n\n<p class=\"has-medium-font-size\">Soumettez vos commentaires ou vos questions sur <a href=\"https:\/\/academy.ohie.org\/?page_id=2950\">la page de contact.<\/a>.&#13;\nVous pouvez \u00e9galement publier tout commentaire que vous souhaitez partager sur <a href=\"https:\/\/discourse.ohie.org\/\">notre forum communautaire<\/a>, avec le mot-cl\u00e9 \u00ab acad\u00e9mie \u00bb.<\/p>\n","protected":false},"excerpt":{"rendered":"<p>Alors que les pays envisagent leurs approches de mise en \u0153uvre du partage des donn\u00e9es de sant\u00e9, nombre d&#8217;entre eux commencent \u00e0 r\u00e9fl\u00e9chir \u00e0 la mani\u00e8re de d\u00e9velopper les capacit\u00e9s en mati\u00e8re d&#8217;\u00e9change de donn\u00e9es et d&#8217;autres sujets li\u00e9s \u00e0 l&#8217;\u00e9change d&#8217;informations sur la sant\u00e9. La communaut\u00e9 de l&#8217;Acad\u00e9mie travaille ensemble pour cr\u00e9er et partager [&hellip;]<\/p>\n","protected":false},"author":5,"featured_media":0,"parent":0,"menu_order":0,"comment_status":"closed","ping_status":"closed","template":"","meta":{"footnotes":""},"class_list":["post-4863","page","type-page","status-publish","hentry"],"featured_image_src":null,"_links":{"self":[{"href":"https:\/\/academy.ohie.org\/index.php?rest_route=\/wp\/v2\/pages\/4863","targetHints":{"allow":["GET"]}}],"collection":[{"href":"https:\/\/academy.ohie.org\/index.php?rest_route=\/wp\/v2\/pages"}],"about":[{"href":"https:\/\/academy.ohie.org\/index.php?rest_route=\/wp\/v2\/types\/page"}],"author":[{"embeddable":true,"href":"https:\/\/academy.ohie.org\/index.php?rest_route=\/wp\/v2\/users\/5"}],"replies":[{"embeddable":true,"href":"https:\/\/academy.ohie.org\/index.php?rest_route=%2Fwp%2Fv2%2Fcomments&post=4863"}],"version-history":[{"count":1,"href":"https:\/\/academy.ohie.org\/index.php?rest_route=\/wp\/v2\/pages\/4863\/revisions"}],"predecessor-version":[{"id":4864,"href":"https:\/\/academy.ohie.org\/index.php?rest_route=\/wp\/v2\/pages\/4863\/revisions\/4864"}],"wp:attachment":[{"href":"https:\/\/academy.ohie.org\/index.php?rest_route=%2Fwp%2Fv2%2Fmedia&parent=4863"}],"curies":[{"name":"wp","href":"https:\/\/api.w.org\/{rel}","templated":true}]}}